{"id":50,"date":"2018-08-27T17:52:18","date_gmt":"2018-08-27T17:52:18","guid":{"rendered":"http:\/\/focbs.com\/?page_id=50"},"modified":"2019-09-30T18:27:40","modified_gmt":"2019-09-30T18:27:40","slug":"videos","status":"publish","type":"page","link":"https:\/\/focbs.com\/pt\/home\/videos\/","title":{"rendered":"Saiba mais"},"content":{"rendered":"<h2><strong>Mans\u00e3o Do Caminho &#8211; English<\/strong><\/h2>\n<p><iframe loading=\"lazy\" src=\"https:\/\/www.youtube.com\/embed\/wBBM9J-h38s\" width=\"560\" height=\"315\" frameborder=\"0\" allowfullscreen=\"allowfullscreen\"><\/iframe><\/p>\n<h2><strong>FOCBS &amp; Mansao Do Caminho &#8211; Portuguese *English Subtitles)<\/strong><\/h2>\n<p><iframe loading=\"lazy\" src=\"https:\/\/www.youtube.com\/embed\/bBNsZvM2IF8\" width=\"560\" height=\"315\" frameborder=\"0\" allowfullscreen=\"allowfullscreen\"><\/iframe><\/p>\n<h2><span style=\"color: #ff0000;\"><strong>Estatisticas<\/strong><\/span><\/h2>\n<p><strong><span style=\"color: #0000ff;\">The Mansion of the Way<\/span><\/strong> assists on average <span style=\"color: #0000ff;\"><strong>5.000 pessoas por dia<\/strong><\/span> das quais <span style=\"color: #0000ff;\"><strong>3.500 s\u00e3o estudantes<\/strong>.<\/span><\/p>\n<p><span style=\"color: #0000ff;\"><strong>Fabiano de Cristo presta servi\u00e7os para crian\u00e7as de 4 meses a 5 anos.<\/strong><\/span> As estat\u00edsticas a seguir fornecem uma vis\u00e3o geral dos fundos gastos por Fabiano da Christ Benevolent Society para servir esse grupo de crian\u00e7as:<\/p>\n<table border=\"0\" width=\"100%\" cellspacing=\"5\" cellpadding=\"5\">\n<tbody>\n<tr>\n<td><span style=\"color: #339966;\">Estudantes de creche (The Manger) de 4 meses a 2 anos<\/span><\/td>\n<td align=\"right\"><span style=\"color: #339966;\">150<\/span><\/td>\n<\/tr>\n<tr>\n<td><span style=\"color: #0000ff;\">Jardim de inf\u00e2ncia Esperan\u00e7a (Esperan\u00e7a) 3 anos de idade<\/span><\/td>\n<td align=\"right\"><span style=\"color: #0000ff;\">61<\/span><\/td>\n<\/tr>\n<tr>\n<td><span style=\"color: #339966;\">Alvorada Nova (New Dawn) 3-5 anos<\/span><\/td>\n<td align=\"right\"><span style=\"color: #339966;\">175<\/span><\/td>\n<\/tr>\n<tr>\n<td><span style=\"color: #0000ff;\">Number of Remunerated Staff<\/span><\/td>\n<td align=\"right\"><span style=\"color: #0000ff;\">78<\/span><\/td>\n<\/tr>\n<tr>\n<td><span style=\"color: #339966;\">N\u00famero de Cuidadores Volunt\u00e1rios<\/span><\/td>\n<td align=\"right\"><span style=\"color: #339966;\">23<\/span><\/td>\n<\/tr>\n<tr>\n<td><span style=\"color: #ff0000;\"><strong>SERVI\u00c7OS PRESTADOS<\/strong><\/span><\/td>\n<td><\/td>\n<\/tr>\n<tr>\n<td><span style=\"color: #339966;\">Family visits<\/span><\/td>\n<td align=\"right\"><span style=\"color: #339966;\">220<\/span><\/td>\n<\/tr>\n<tr>\n<td><span style=\"color: #0000ff;\">Entrevistas individuais (casais e familiares)<\/span><\/td>\n<td align=\"right\"><span style=\"color: #0000ff;\">400<\/span><\/td>\n<\/tr>\n<tr>\n<td><span style=\"color: #339966;\">Atendimento m\u00e9dico prestado a crian\u00e7as<\/span><\/td>\n<td align=\"right\"><span style=\"color: #339966;\">380<\/span><\/td>\n<\/tr>\n<tr>\n<td><span style=\"color: #ff0000;\"><strong>DOA\u00c7\u00d5ES<\/strong><\/span><\/td>\n<td><\/td>\n<\/tr>\n<tr>\n<td><span style=\"color: #339966;\">Resumos e t-shirts<\/span><\/td>\n<td align=\"right\"><span style=\"color: #339966;\">1,350 units<\/span><\/td>\n<\/tr>\n<tr>\n<td><span style=\"color: #0000ff;\">P\u00e3o (p\u00e3es) distribu\u00eddo para as crian\u00e7as levarem para casa<\/span><\/td>\n<td align=\"right\"><span style=\"color: #0000ff;\">418,810<\/span><\/td>\n<\/tr>\n<tr>\n<td><span style=\"color: #339966;\">Comida distribu\u00edda para levar para casa<\/span><\/td>\n<td align=\"right\"><span style=\"color: #339966;\">82,990 kg<\/span><\/td>\n<\/tr>\n<tr>\n<td><span style=\"color: #0000ff;\">Vestu\u00e1rio dado a crian\u00e7as<\/span><\/td>\n<td align=\"right\"><span style=\"color: #0000ff;\">150 units<\/span><\/td>\n<\/tr>\n<tr>\n<td><span style=\"color: #339966;\">Uniformes escolares<\/span><\/td>\n<td align=\"right\"><span style=\"color: #339966;\">472 sets<\/span><\/td>\n<\/tr>\n<tr>\n<td><span style=\"color: #0000ff;\">Meals served to daycare&#8230;&#8230;&#8230;(5 times per day)<\/span><\/td>\n<td align=\"right\"><span style=\"color: #0000ff;\">228,935<\/span><\/td>\n<\/tr>\n<tr>\n<td><span style=\"color: #339966;\">Meals served 3-5 year olds&#8230;..(4 times per day)<\/span><\/td>\n<td align=\"right\"><span style=\"color: #339966;\">151,900<\/span><\/td>\n<\/tr>\n<tr>\n<td><strong><span style=\"color: #ff0000;\">Total de refei\u00e7\u00f5es servidas<\/span><\/strong><\/td>\n<td align=\"right\"><strong><span style=\"color: #ff0000;\">380,835<\/span><\/strong><\/td>\n<\/tr>\n<tr>\n<td colspan=\"2\" align=\"center\" valign=\"middle\"><span style=\"color: #ff0000;\"><img loading=\"lazy\" src=\"https:\/\/focbs.com\/wp-content\/uploads\/2018\/11\/Kids.png\" width=\"229\" height=\"229\" \/><\/span><\/td>\n<\/tr>\n<tr>\n<td><span style=\"color: #ff0000;\"><strong>CONSUMO DE ALIMENTOS<\/strong><\/span><\/td>\n<td><\/td>\n<\/tr>\n<tr>\n<td><span style=\"color: #339966;\">Feij\u00f5es<\/span><\/td>\n<td align=\"right\"><span style=\"color: #339966;\">5,200 kg<\/span><\/td>\n<\/tr>\n<tr>\n<td><span style=\"color: #0000ff;\">Carne<\/span><\/td>\n<td align=\"right\"><span style=\"color: #0000ff;\">4,286 kg<\/span><\/td>\n<\/tr>\n<tr>\n<td><span style=\"color: #339966;\">Arroz<\/span><\/td>\n<td align=\"right\"><span style=\"color: #339966;\">2,860 kg<\/span><\/td>\n<\/tr>\n<tr>\n<td><span style=\"color: #0000ff;\">A\u00e7\u00facar<\/span><\/td>\n<td align=\"right\"><span style=\"color: #0000ff;\">4,708 kg<\/span><\/td>\n<\/tr>\n<tr>\n<td><span style=\"color: #339966;\">Leite em p\u00f3<\/span><\/td>\n<td align=\"right\"><span style=\"color: #339966;\">14,500 cans (500 kg)<\/span><\/td>\n<\/tr>\n<\/tbody>\n<\/table>","protected":false},"excerpt":{"rendered":"<p>Mans\u00e3o Do Caminho &#8211; English FOCBS &amp; Mansao Do Caminho &#8211; Portuguese *English Subtitles) Statistics The Mansion of the Way assists on average 5,000 people per day of which 3,500 are students. Fabiano of Christ provides services for children from 4 months to 5 years. The following statistics provide an overview of funds spent by [&hellip;]<\/p>","protected":false},"author":1,"featured_media":66,"parent":17,"menu_order":0,"comment_status":"closed","ping_status":"closed","template":"","meta":[],"_links":{"self":[{"href":"https:\/\/focbs.com\/pt\/wp-json\/wp\/v2\/pages\/50"}],"collection":[{"href":"https:\/\/focbs.com\/pt\/wp-json\/wp\/v2\/pages"}],"about":[{"href":"https:\/\/focbs.com\/pt\/wp-json\/wp\/v2\/types\/page"}],"author":[{"embeddable":true,"href":"https:\/\/focbs.com\/pt\/wp-json\/wp\/v2\/users\/1"}],"replies":[{"embeddable":true,"href":"https:\/\/focbs.com\/pt\/wp-json\/wp\/v2\/comments?post=50"}],"version-history":[{"count":20,"href":"https:\/\/focbs.com\/pt\/wp-json\/wp\/v2\/pages\/50\/revisions"}],"predecessor-version":[{"id":344,"href":"https:\/\/focbs.com\/pt\/wp-json\/wp\/v2\/pages\/50\/revisions\/344"}],"up":[{"embeddable":true,"href":"https:\/\/focbs.com\/pt\/wp-json\/wp\/v2\/pages\/17"}],"wp:featuredmedia":[{"embeddable":true,"href":"https:\/\/focbs.com\/pt\/wp-json\/wp\/v2\/media\/66"}],"wp:attachment":[{"href":"https:\/\/focbs.com\/pt\/wp-json\/wp\/v2\/media?parent=50"}],"curies":[{"name":"wp","href":"https:\/\/api.w.org\/{rel}","templated":true}]}}