{"id":17,"date":"2018-08-26T23:06:54","date_gmt":"2018-08-26T23:06:54","guid":{"rendered":"http:\/\/focbs.com\/?page_id=17"},"modified":"2020-02-27T13:21:07","modified_gmt":"2020-02-27T13:21:07","slug":"home","status":"publish","type":"page","link":"https:\/\/focbs.com\/pt\/","title":{"rendered":"Quem Somos"},"content":{"rendered":"<p><img loading=\"lazy\" class=\"alignnone wp-image-303 size-full\" src=\"https:\/\/focbs.com\/wp-content\/uploads\/2019\/08\/Copy-of-Untitled-21.png\" alt=\"\" width=\"2000\" height=\"1080\" srcset=\"https:\/\/focbs.com\/wp-content\/uploads\/2019\/08\/Copy-of-Untitled-21.png 2000w, https:\/\/focbs.com\/wp-content\/uploads\/2019\/08\/Copy-of-Untitled-21-300x162.png 300w, https:\/\/focbs.com\/wp-content\/uploads\/2019\/08\/Copy-of-Untitled-21-768x415.png 768w, https:\/\/focbs.com\/wp-content\/uploads\/2019\/08\/Copy-of-Untitled-21-1024x553.png 1024w\" sizes=\"(max-width: 2000px) 100vw, 2000px\" \/><\/p>\n<p><span class=\"mainbody1\">Somos uma organiza\u00e7\u00e3o canadense sem fins lucrativos e temos como objetivo arrecadar fundos para auxiliar as pessoas em necessidade no Brasil \u2013 as crian\u00e7as, em especial.<\/span><\/p>\n<p>Os diretores da Fabiano viveram no Brasil e j\u00e1 tiveram a oportunidade de visitar e se engajar em trabalhos sociais como este.<\/p>\n<p class=\" translation-block\">Nossa organiza\u00e7\u00e3o existe desde 1996 e desde ent\u00e3o, temos enviado ao Brasil containers com doa\u00e7\u00f5es de roupas, materiais escolares, camas de hospital e doa\u00e7\u00f5es em dinheiro tamb\u00e9m. Desde 1999, grande parte de nossas doa\u00e7\u00f5es tem sido enviada para a Mans\u00e3o do Caminho, que tem sede em uma das \u00e1reas mais pobres de Salvador.<\/p>\n<p>Nosso trabalho \u00e9 todo conduzido por volunt\u00e1rios, por isso, nenhum doado \u00e9 utilizado para sal\u00e1rios e\/ou despesas. Gastos com materiais de escrit\u00f3rio, selos, etc, s\u00e3o mantidos no m\u00ednimo poss\u00edvel.<\/p>\n<p class=\" translation-block\">Caso tenha interesse em contribuir com a causa, por favor acesse nossa p\u00e1gina de \"Doa\u00e7\u00f5es\". N\u00f3s garantimos o envio de recibos para as doa\u00e7\u00f5es.<\/p>\n<p>Para doa\u00e7\u00f5es de Ca $35,00 ou mais, voc\u00ea receber\u00e1 um presente especial - Veja a p\u00e1gina \"presentes\" \nObrigado!<\/p>\n<p><strong><em>Giancarlo Chitto<\/em><\/strong><br \/>\n<strong>Founder &amp; President<\/strong><\/p>\n<hr \/>\n<h5><span class=\"mainbody1\"><b><a href=\"https:\/\/focbs.com\/pt\/mansao-do-caminho\/\">Clique aqui<\/a> to learn more about Mans\u00e3o do Caminho and watch the video below.<\/b><\/span><\/h5>\n<p><iframe loading=\"lazy\" title=\"Fabiano of Christ &amp; Mans\u00e3o do Caminho\" width=\"640\" height=\"360\" src=\"https:\/\/www.youtube.com\/embed\/Gga7c-fB87c?feature=oembed\" frameborder=\"0\" allow=\"accelerometer; autoplay; clipboard-write; encrypted-media; gyroscope; picture-in-picture\" allowfullscreen><\/iframe><\/p>","protected":false},"excerpt":{"rendered":"<p>We are a Canadian charity, registered with both the Provincial and Federal Governments. Our aim is to obtain donations which are used to help the unprivileged people in Brazil &#8211; especially children. The Directors of this charity have seen the misery first-hand, having lived and worked in Brazil for a number of years and during [&hellip;]<\/p>","protected":false},"author":2,"featured_media":0,"parent":0,"menu_order":0,"comment_status":"closed","ping_status":"closed","template":"","meta":[],"_links":{"self":[{"href":"https:\/\/focbs.com\/pt\/wp-json\/wp\/v2\/pages\/17"}],"collection":[{"href":"https:\/\/focbs.com\/pt\/wp-json\/wp\/v2\/pages"}],"about":[{"href":"https:\/\/focbs.com\/pt\/wp-json\/wp\/v2\/types\/page"}],"author":[{"embeddable":true,"href":"https:\/\/focbs.com\/pt\/wp-json\/wp\/v2\/users\/2"}],"replies":[{"embeddable":true,"href":"https:\/\/focbs.com\/pt\/wp-json\/wp\/v2\/comments?post=17"}],"version-history":[{"count":29,"href":"https:\/\/focbs.com\/pt\/wp-json\/wp\/v2\/pages\/17\/revisions"}],"predecessor-version":[{"id":371,"href":"https:\/\/focbs.com\/pt\/wp-json\/wp\/v2\/pages\/17\/revisions\/371"}],"wp:attachment":[{"href":"https:\/\/focbs.com\/pt\/wp-json\/wp\/v2\/media?parent=17"}],"curies":[{"name":"wp","href":"https:\/\/api.w.org\/{rel}","templated":true}]}}